{"id":223170,"date":"2022-04-20T15:38:23","date_gmt":"2022-04-20T15:38:23","guid":{"rendered":"https:\/\/www.resysten.info\/?page_id=223170"},"modified":"2024-02-20T08:03:32","modified_gmt":"2024-02-20T08:03:32","slug":"adatkezeles","status":"publish","type":"page","link":"https:\/\/resysten.com\/hu\/adatkezeles\/","title":{"rendered":"Adatkezel\u00e9si \u00e9s adatv\u00e9delmi t\u00e1j\u00e9koztat\u00f3"},"content":{"rendered":"<p>[et_pb_section fb_built=&#8221;1&#8243; _builder_version=&#8221;4.21.0&#8243; _module_preset=&#8221;default&#8221; background_enable_image=&#8221;off&#8221; background_position=&#8221;bottom_right&#8221; width=&#8221;100%&#8221; top_divider_height=&#8221;67px&#8221; top_divider_flip=&#8221;horizontal&#8221; top_divider_color_tablet=&#8221;&#8221; top_divider_color_phone=&#8221;RGBA(255,255,255,0)&#8221; top_divider_color_last_edited=&#8221;on|phone&#8221; da_disable_devices=&#8221;off|off|off&#8221; global_colors_info=&#8221;{}&#8221; da_is_popup=&#8221;off&#8221; da_exit_intent=&#8221;off&#8221; da_has_close=&#8221;on&#8221; da_alt_close=&#8221;off&#8221; da_dark_close=&#8221;off&#8221; da_not_modal=&#8221;on&#8221; da_is_singular=&#8221;off&#8221; da_with_loader=&#8221;off&#8221; da_has_shadow=&#8221;on&#8221;][et_pb_row use_custom_gutter=&#8221;on&#8221; make_equal=&#8221;on&#8221; _builder_version=&#8221;4.16&#8243; _module_preset=&#8221;default&#8221; width=&#8221;100%&#8221; module_alignment=&#8221;center&#8221; custom_margin=&#8221;30px||||false|false&#8221; custom_margin_tablet=&#8221;30px||||false|false&#8221; custom_margin_phone=&#8221;|0px||0px|false|false&#8221; custom_margin_last_edited=&#8221;on|phone&#8221; custom_padding=&#8221;32px|10px||10px|false|false&#8221; global_colors_info=&#8221;{}&#8221;][et_pb_column type=&#8221;4_4&#8243; _builder_version=&#8221;4.16&#8243; _module_preset=&#8221;default&#8221; custom_padding=&#8221;||||false|false&#8221; global_colors_info=&#8221;{}&#8221;][et_pb_text _builder_version=&#8221;4.21.0&#8243; _module_preset=&#8221;default&#8221; text_font=&#8221;Montreal-Book||||||||&#8221; text_text_color=&#8221;gcid-9ae412ef-a7ae-42a5-ab5b-f691fccab059&#8243; text_font_size=&#8221;1.2vw&#8221; text_line_height=&#8221;1.5em&#8221; header_font=&#8221;Montreal-Bold||||||||&#8221; header_font_size=&#8221;3vw&#8221; header_line_height=&#8221;1.2em&#8221; header_2_text_color=&#8221;#ffffff&#8221; header_3_text_color=&#8221;#FFFFFF&#8221; text_font_size_tablet=&#8221;2.5vw&#8221; text_font_size_phone=&#8221;5vw&#8221; text_font_size_last_edited=&#8221;on|desktop&#8221; header_font_size_tablet=&#8221;5vw&#8221; header_font_size_phone=&#8221;10vw&#8221; header_font_size_last_edited=&#8221;on|desktop&#8221; global_colors_info=&#8221;{%22gcid-9ae412ef-a7ae-42a5-ab5b-f691fccab059%22:%91%22text_text_color%22%93}&#8221;]<\/p>\n<h1>ADATKEZEL\u00c9SI \u00c9S ADATV\u00c9DELMI T\u00c1J\u00c9KOZTAT\u00d3<\/h1>\n<p>1. Adatkezel\u0151:<\/p>\n<p><strong>N\u00e9v: Resysten Hungary Korl\u00e1tolt Felel\u0151ss\u00e9g\u0171 T\u00e1rsas\u00e1g<\/strong><br \/><strong>C\u00edm: 2051 Biatorb\u00e1gy, F\u00fczes u.70.<\/strong><br \/><strong>Ad\u00f3sz\u00e1m: 24997421-2-13<\/strong><br \/><strong>C\u00e9gjegyz\u00e9ksz\u00e1m: 13-09-171345<\/strong><br \/><strong>K\u00e9pviseli: Lehoczky P\u00e9ter S\u00e1ndor, \u00fcgyvezet\u0151<\/strong><\/p>\n<p>2. Adatkezel\u00e9s szab\u00e1lyai:<\/p>\n<p>Jelen adatkezel\u00e9si t\u00e1j\u00e9koztat\u00f3 id\u0151beli hat\u00e1lya a honlapon t\u00f6rt\u00e9n\u0151 felt\u00fcntet\u00e9st\u0151l visszavon\u00e1sig tart. Az Adatkezel\u0151 (a tov\u00e1bbiakban: T\u00e1rsas\u00e1g) Adatv\u00e9delmi \u00e9s adatbiztons\u00e1gi szab\u00e1lyzata alapj\u00e1n kezel a jelen fel\u00fclettel \u00f6sszef\u00fcgg\u00e9sben szem\u00e9lyes adatokat. A szab\u00e1lyzat t\u00e1rgyi hat\u00e1lya kiterjed a T\u00e1rsas\u00e1g minden szervezeti egys\u00e9g\u00e9n\u00e9l folytatott valamennyi olyan folyamatra, amely sor\u00e1n az Infotv-ben, illetve az Eur\u00f3pai Parlament \u00e9s Tan\u00e1cs 2016\/679 Rendelet\u00e9ben (tov\u00e1bbiakban GDPR) meghat\u00e1rozott szem\u00e9lyes adat kezel\u00e9se megval\u00f3sul.<br \/>A jelen szab\u00e1lyzat fogalmai azonosak az Infotv. 3. \u00a7-ban meghat\u00e1rozott \u00e9rtelmez\u0151 magyar\u00e1zatokkal.<\/p>\n<p>A T\u00e1rsas\u00e1g szem\u00e9lyes adatot csak meghat\u00e1rozott c\u00e9lb\u00f3l, jog gyakorl\u00e1sa \u00e9s k\u00f6telezetts\u00e9g teljes\u00edt\u00e9se \u00e9rdek\u00e9ben kezel, a c\u00e9l el\u00e9r\u00e9s\u00e9hez sz\u00fcks\u00e9ges minim\u00e1lis m\u00e9rt\u00e9kben \u00e9s ideig. Az adatkezel\u00e9s minden szakasz\u00e1ban megfelel a c\u00e9lnak \u2013 \u00e9s, amennyiben az adatkezel\u00e9s c\u00e9lja megsz\u0171nt, vagy az adatok kezel\u00e9se egy\u00e9bk\u00e9nt jogelleness\u00e9g v\u00e1lik, az adatok t\u00f6rl\u00e9sre ker\u00fclnek.<\/p>\n<p>A T\u00e1rsas\u00e1g szem\u00e9lyes adatot csak az \u00e9rintett el\u0151zetes hozz\u00e1j\u00e1rul\u00e1sa vagy t\u00f6rv\u00e9ny, illetve t\u00f6rv\u00e9nyi felhatalmaz\u00e1s alapj\u00e1n kezel.<\/p>\n<p>A T\u00e1rsas\u00e1g az adat felv\u00e9tele el\u0151tt minden esetben k\u00f6zli az \u00e9rintettel az adatkezel\u00e9s c\u00e9lj\u00e1t, valamint az adatkezel\u00e9s jogalapj\u00e1t.<\/p>\n<p>A T\u00e1rsas\u00e1gn\u00e1l adatkezel\u00e9st v\u00e9gz\u0151 alkalmazottak, illetve b\u00e1rmely adatkezel\u00e9st v\u00e9gz\u0151 szervezetek k\u00f6telesek a megismert szem\u00e9lyes adatokat \u00fczleti titokk\u00e9nt meg\u0151rizni. A szem\u00e9lyes adatokat kezel\u0151 \u00e9s azokhoz hozz\u00e1f\u00e9r\u00e9si lehet\u0151s\u00e9ggel rendelkez\u0151 szem\u00e9lyek k\u00f6telesek Titoktart\u00e1si nyilatkozatot tenni.<\/p>\n<p>Ha az \u00e9rintett tudom\u00e1st szerez arr\u00f3l, hogy a T\u00e1rsas\u00e1g \u00e1ltal kezelt szem\u00e9lyes adat hib\u00e1s, hi\u00e1nyos vagy id\u0151szer\u0171tlen, k\u00f6teles azt helyesb\u00edteni vagy helyesb\u00edt\u00e9s\u00e9t a T\u00e1rsas\u00e1gn\u00e1l kezdem\u00e9nyezni.<br \/>A T\u00e1rsas\u00e1g adatokat az adatfeldolgoz\u00f3nak csak a vele k\u00f6t\u00f6tt megb\u00edz\u00e1si szerz\u0151d\u00e9s alapj\u00e1n tov\u00e1bb\u00edt.<\/p>\n<p>A T\u00e1rsas\u00e1g mindenkori \u00fcgyvezet\u0151je meghat\u00e1rozza az adatv\u00e9delem szervezet\u00e9t, az adatv\u00e9delemre valamint az azzal \u00f6sszef\u00fcgg\u0151 tev\u00e9kenys\u00e9gre vonatkoz\u00f3 feladat- \u00e9s hat\u00e1sk\u00f6r\u00f6ket, \u00e9s kijel\u00f6li az adatkezel\u00e9s fel\u00fcgyelet\u00e9t ell\u00e1t\u00f3 szem\u00e9lyt.<br \/>A T\u00e1rsas\u00e1g munkat\u00e1rsai munk\u00e1juk sor\u00e1n gondoskodnak arr\u00f3l, hogy jogosulatlan szem\u00e9lyek ne tekinthessenek be szem\u00e9lyes adatokba, tov\u00e1bb\u00e1 arr\u00f3l, hogy a szem\u00e9lyes adat t\u00e1rol\u00e1sa, elhelyez\u00e9se \u00fagy ker\u00fclj\u00f6n kialak\u00edt\u00e1sra, hogy az jogosulatlan szem\u00e9ly r\u00e9sz\u00e9re ne legyen hozz\u00e1f\u00e9rhet\u0151, megismerhet\u0151, megv\u00e1ltoztathat\u00f3, megsemmis\u00edthet\u0151.<br \/>A T\u00e1rsas\u00e1g adatv\u00e9delmi rendszer\u00e9nek fel\u00fcgyelet\u00e9t a bels\u0151 adatv\u00e9delmi munkat\u00e1rs l\u00e1tja el.<\/p>\n<p>3. Az \u00e9rintettek jogai<\/p>\n<p>Az \u00e9rintett t\u00e1j\u00e9koztat\u00e1st k\u00e9rhet szem\u00e9lyes adatai kezel\u00e9s\u00e9r\u0151l, valamint k\u00e9rheti azok helyesb\u00edt\u00e9s\u00e9t, illetve \u2013 a jogszab\u00e1lyban elrendelt adatkezel\u00e9sek kiv\u00e9tel\u00e9vel \u2013 t\u00f6rl\u00e9s\u00e9t.<\/p>\n<p>A T\u00e1rsas\u00e1g a be\u00e9rkezett k\u00e9relemre, tiltakoz\u00e1sra k\u00f6teles a be\u00e9rkez\u00e9st\u0151l sz\u00e1m\u00edtott legk\u00e9s\u0151bb 15 \u2013 tiltakoz\u00e1si jog gyakorl\u00e1sa eset\u00e9n 5 \u2013 napon bel\u00fcl \u00edr\u00e1sban, k\u00f6z\u00e9rthet\u0151 form\u00e1ban v\u00e1laszt adni.<br \/>A t\u00e1j\u00e9koztat\u00e1s kiterjed az Infotv. 15. \u00a7 (1) bekezd\u00e9s\u00e9ben meghat\u00e1rozott inform\u00e1ci\u00f3kra, amennyiben az \u00e9rintett t\u00e1j\u00e9koztat\u00e1sa t\u00f6rv\u00e9ny alapj\u00e1n nem tagadhat\u00f3 meg.<br \/>A t\u00e1j\u00e9koztat\u00e1s f\u0151szab\u00e1ly szerint ingyenes, k\u00f6lts\u00e9gt\u00e9r\u00edt\u00e9st T\u00e1rsas\u00e1g csak az Infotv. 15. \u00a7 (5) bekezd\u00e9s\u00e9ben meghat\u00e1rozott esetben sz\u00e1m\u00edt fel.<\/p>\n<p>A T\u00e1rsas\u00e1g k\u00e9relmet csak az Infotv. 9. \u00a7 (1) bekezd\u00e9sben vagy 19. \u00a7-\u00e1ban meghat\u00e1rozott okokb\u00f3l utas\u00edt el, erre csak indokl\u00e1ssal, az Infotv. 16. \u00a7 (2) bekezd\u00e9s\u00e9ben meghat\u00e1rozott t\u00e1j\u00e9koztat\u00e1ssal, \u00edr\u00e1sban ker\u00fcl sor.<\/p>\n<p>A val\u00f3s\u00e1gnak nem megfelel\u0151 adatot az adatot kezel\u0151 szervezeti egys\u00e9g vezet\u0151je \u2013 amennyiben a sz\u00fcks\u00e9ges adatok \u00e9s az azokat bizony\u00edt\u00f3 k\u00f6zokiratok rendelkez\u00e9sre \u00e1llnak \u2013 helyesb\u00edti, az Infotv. 17. \u00a7 (2) bekezd\u00e9s\u00e9ben meghat\u00e1rozott okok fenn\u00e1ll\u00e1sa eset\u00e9n int\u00e9zkedik a kezelt szem\u00e9lyes adat t\u00f6rl\u00e9se ir\u00e1nt.<\/p>\n<p>Az \u00e9rintett szem\u00e9lyes adata kezel\u00e9se elleni tiltakoz\u00e1s\u00e1nak elb\u00edr\u00e1l\u00e1s\u00e1nak id\u0151tartam\u00e1ra \u2013 de legfeljebb 5 napra \u2013 az adatkezel\u00e9st a T\u00e1rsas\u00e1g vezet\u0151je felf\u00fcggeszti, a tiltakoz\u00e1s megalapozotts\u00e1g\u00e1t megvizsg\u00e1lja \u00e9s d\u00f6nt\u00e9st hoz, amelyr\u0151l a k\u00e9relmez\u0151t az Infotv. 21. \u00a7 (2) bekezd\u00e9s\u00e9ben foglaltak szerint t\u00e1j\u00e9koztatja.<\/p>\n<p>Amennyiben a tiltakoz\u00e1s indokolt, a T\u00e1rsas\u00e1g az Infotv. 21. \u00a7 (3) bekezd\u00e9s\u00e9ben meghat\u00e1rozottak szerint j\u00e1r el.<\/p>\n<p>A T\u00e1rsas\u00e1g az \u00e9rintett adatainak jogellenes kezel\u00e9s\u00e9vel vagy az adatbiztons\u00e1g k\u00f6vetelm\u00e9nyeinek megszeg\u00e9s\u00e9vel m\u00e1snak okozott k\u00e1rt, illetve az \u00e1ltala vagy az \u00e1ltala ig\u00e9nybe vett adatfeldolgoz\u00f3 \u00e1ltal okozott szem\u00e9lyis\u00e9gi jogs\u00e9rt\u00e9s eset\u00e9n j\u00e1r\u00f3 s\u00e9relemd\u00edjat is megt\u00e9r\u00edti. Az adatkezel\u0151 mentes\u00fcl az okozott k\u00e1r\u00e9rt val\u00f3 felel\u0151ss\u00e9g \u00e9s a s\u00e9relemd\u00edj megfizet\u00e9s\u00e9nek k\u00f6telezetts\u00e9ge al\u00f3l, ha bizony\u00edtja, hogy a k\u00e1rt vagy az \u00e9rintett szem\u00e9lyis\u00e9gi jogainak s\u00e9relm\u00e9t az adatkezel\u00e9s k\u00f6r\u00e9n k\u00edv\u00fcl es\u0151 elh\u00e1r\u00edthatatlan ok id\u00e9zte el\u0151. Ugyan\u00edgy nem t\u00e9r\u00edti meg a k\u00e1rt, amennyiben az a k\u00e1rosult sz\u00e1nd\u00e9kos vagy s\u00falyosan gondatlan magatart\u00e1s\u00e1b\u00f3l sz\u00e1rmazott.<\/p>\n<p>Az \u00e9rintett a T\u00e1rsas\u00e1g adatkezel\u00e9si elj\u00e1r\u00e1s\u00e1val kapcsolatos panasszal a NAIH-hoz fordulhat:<br \/>n\u00e9v: Nemzeti Adatv\u00e9delmi \u00e9s Inform\u00e1ci\u00f3szabads\u00e1g Hat\u00f3s\u00e1g<br \/>sz\u00e9khely: 1024 Budapest, Szil\u00e1gyi Erzs\u00e9bet fasor 22\/C.<br \/>honlap: <a href=\"http:\/\/www.naih.hu\">www.naih.hu<\/a><\/p>\n<p>4. Jelen t\u00e1j\u00e9koztat\u00f3ban nem meghat\u00e1rozott k\u00e9rd\u00e9sek<\/p>\n<p>A jelen t\u00e1j\u00e9koztat\u00f3ban nem meghat\u00e1rozott k\u00e9rd\u00e9sekben az Infotv., a GDPR egyezm\u00e9ny szab\u00e1lyai, \u00e9s a T\u00e1rsas\u00e1g Adatv\u00e9delmi \u00e9s adatbiztons\u00e1gi szab\u00e1lyzata az ir\u00e1nyad\u00f3ak.<\/p>\n<p>[\/et_pb_text][\/et_pb_column][\/et_pb_row][\/et_pb_section]<\/p>\n","protected":false},"excerpt":{"rendered":"<p> K\u00e9rj\u00fck, olvassa el adatkezel\u00e9si \u00e9s adatv\u00e9delmi t\u00e1j\u00e9koztat\u00f3nkat.<\/p>\n","protected":false},"author":1,"featured_media":0,"parent":0,"menu_order":0,"comment_status":"closed","ping_status":"closed","template":"","meta":{"_et_pb_use_builder":"on","_et_pb_old_content":"","_et_gb_content_width":"","inline_featured_image":false,"footnotes":""},"class_list":["post-223170","page","type-page","status-publish","hentry"],"featured_image_url":null,"all_taxonomies":{"Translation Priorities":["Optional"]},"_links":{"self":[{"href":"https:\/\/resysten.com\/hu\/wp-json\/wp\/v2\/pages\/223170","targetHints":{"allow":["GET"]}}],"collection":[{"href":"https:\/\/resysten.com\/hu\/wp-json\/wp\/v2\/pages"}],"about":[{"href":"https:\/\/resysten.com\/hu\/wp-json\/wp\/v2\/types\/page"}],"author":[{"embeddable":true,"href":"https:\/\/resysten.com\/hu\/wp-json\/wp\/v2\/users\/1"}],"replies":[{"embeddable":true,"href":"https:\/\/resysten.com\/hu\/wp-json\/wp\/v2\/comments?post=223170"}],"version-history":[{"count":8,"href":"https:\/\/resysten.com\/hu\/wp-json\/wp\/v2\/pages\/223170\/revisions"}],"predecessor-version":[{"id":244885,"href":"https:\/\/resysten.com\/hu\/wp-json\/wp\/v2\/pages\/223170\/revisions\/244885"}],"wp:attachment":[{"href":"https:\/\/resysten.com\/hu\/wp-json\/wp\/v2\/media?parent=223170"}],"curies":[{"name":"wp","href":"https:\/\/api.w.org\/{rel}","templated":true}]}}