{"id":244740,"date":"2024-01-23T18:55:40","date_gmt":"2024-01-23T18:55:40","guid":{"rendered":"https:\/\/www.resysten.com\/?page_id=244740"},"modified":"2024-12-09T12:32:05","modified_gmt":"2024-12-09T12:32:05","slug":"koszonjuk","status":"publish","type":"page","link":"https:\/\/resysten.com\/hu\/koszonjuk\/","title":{"rendered":"K\u00f6sz\u00f6nj\u00fck!"},"content":{"rendered":"<p>[et_pb_section fb_built=&#8221;1&#8243; _builder_version=&#8221;4.22.2&#8243; _module_preset=&#8221;default&#8221; global_colors_info=&#8221;{}&#8221;][et_pb_row _builder_version=&#8221;4.22.2&#8243; _module_preset=&#8221;default&#8221; global_colors_info=&#8221;{}&#8221;][et_pb_column type=&#8221;4_4&#8243; _builder_version=&#8221;4.22.2&#8243; _module_preset=&#8221;default&#8221; global_colors_info=&#8221;{}&#8221;][et_pb_text _builder_version=&#8221;4.24.0&#8243; _module_preset=&#8221;default&#8221; header_font=&#8221;Montreal-Bold||||||||&#8221; header_text_align=&#8221;center&#8221; header_font_size=&#8221;11vw&#8221; global_colors_info=&#8221;{}&#8221;]<\/p>\n<h1>K\u00f6sz\u00f6nj\u00fck!<\/h1>\n<p>[\/et_pb_text][et_pb_text _builder_version=&#8221;4.24.0&#8243; _module_preset=&#8221;default&#8221; text_font=&#8221;Montreal-Book||||||||&#8221; text_font_size=&#8221;1.5vw&#8221; text_line_height=&#8221;1.5em&#8221; text_orientation=&#8221;center&#8221; global_colors_info=&#8221;{}&#8221;]<\/p>\n<p style=\"text-align: center;\"><span>Az \u0171rlapot megkaptuk. Koll\u00e9g\u00e1nk hamarosan felveszi \u00d6nnel a kapcsolatot a megadott el\u00e9rhet\u0151s\u00e9gein!<\/span><\/p>\n<p>[\/et_pb_text][dsm_button button_one_text=&#8221;Vissza a kezd\u0151lapra&#8221; button_one_url=&#8221;@ET-DC@eyJkeW5hbWljIjp0cnVlLCJjb250ZW50IjoicG9zdF9saW5rX3VybF9wYWdlIiwic2V0dGluZ3MiOnsicG9zdF9pZCI6IjI0MjE1MCJ9fQ==@&#8221; button_alignment=&#8221;center&#8221; separator_gap=&#8221;20px&#8221; admin_label=&#8221;Supreme Button&#8221; _builder_version=&#8221;4.24.0&#8243; _dynamic_attributes=&#8221;button_one_url&#8221; _module_preset=&#8221;default&#8221; separator_text_font=&#8221;Montreal-Book||||||||&#8221; separator_text_font_size=&#8221;1vw&#8221; custom_button_one=&#8221;on&#8221; button_one_text_size=&#8221;1.2vw&#8221; button_one_text_color=&#8221;gcid-ac5c0084-914a-40e2-8134-719ae7ac2469&#8243; button_one_bg_color=&#8221;RGBA(255,255,255,0)&#8221; button_one_border_width=&#8221;1px&#8221; button_one_border_radius=&#8221;0px&#8221; button_one_font=&#8221;Montreal-Book||||||||&#8221; button_one_custom_margin=&#8221;0px||||false|false&#8221; custom_button_two=&#8221;on&#8221; button_two_text_size=&#8221;1.2vw&#8221; button_two_text_color=&#8221;gcid-ac5c0084-914a-40e2-8134-719ae7ac2469&#8243; button_two_bg_color=&#8221;RGBA(255,255,255,0)&#8221; button_two_border_width=&#8221;1px&#8221; button_two_border_radius=&#8221;0px&#8221; button_two_font=&#8221;Montreal-Book||||||||&#8221; button_two_icon=&#8221;&#x35;||divi||400&#8243; button_two_icon_color=&#8221;gcid-ac5c0084-914a-40e2-8134-719ae7ac2469&#8243; button_two_custom_margin=&#8221;12px|||0px|false|false&#8221; custom_margin=&#8221;||||false|false&#8221; button_one_text_size_tablet=&#8221;2.2vw&#8221; button_one_text_size_phone=&#8221;4vw&#8221; button_one_text_size_last_edited=&#8221;on|phone&#8221; global_colors_info=&#8221;{%22gcid-ac5c0084-914a-40e2-8134-719ae7ac2469%22:%91%22button_two_icon_color%22,%22button_two_text_color%22,%22button_one_text_color%22%93}&#8221; button_two_bg_color__hover_enabled=&#8221;on|desktop&#8221; button_one_bg_color__hover_enabled=&#8221;on|desktop&#8221; button_two_bg_color__hover=&#8221;RGBA(255,255,255,0)&#8221; button_one_bg_color__hover=&#8221;RGBA(255,255,255,0)&#8221;][\/dsm_button][\/et_pb_column][\/et_pb_row][\/et_pb_section]<\/p>\n","protected":false},"excerpt":{"rendered":"<p>K\u00f6sz\u00f6nj\u00fck!Az \u0171rlapot megkaptuk. Koll\u00e9g\u00e1nk hamarosan felveszi \u00d6nnel a kapcsolatot a megadott el\u00e9rhet\u0151s\u00e9gein!<div class=\"et_pb_module dsm_button dsm_button_0 et_pb_bg_layout_light\">\n\t\t\t\t\n\t\t\t\t\n\t\t\t\t\n\t\t\t\t\n\t\t\t\t\n\t\t\t\t\n\t\t\t\t<div class=\"et_pb_module_inner\">\n\t\t\t\t\t<div class=\"et_pb_button_module_wrappers dsm_button_0_wrapper et_pb_button_alignment_center et_pb_module\">\n\t\t\t\t<a class=\"et_pb_button et_pb_button_one et_pb_bg_layout_light dsm-none \"  data-dsm-lightbox-id=\"dsm_button_one_lightbox dsm_button_0\"><span>Vissza a kezd\u0151lapra<\/span><\/a>\n\t\t\t<\/div>\n\t\t\t\t<\/div>\n\t\t\t<\/div><\/p>\n","protected":false},"author":3,"featured_media":0,"parent":0,"menu_order":0,"comment_status":"closed","ping_status":"closed","template":"","meta":{"_et_pb_use_builder":"on","_et_pb_old_content":"","_et_gb_content_width":"","inline_featured_image":false,"footnotes":""},"class_list":["post-244740","page","type-page","status-publish","hentry"],"featured_image_url":null,"all_taxonomies":{"Translation Priorities":["Optional"]},"_links":{"self":[{"href":"https:\/\/resysten.com\/hu\/wp-json\/wp\/v2\/pages\/244740","targetHints":{"allow":["GET"]}}],"collection":[{"href":"https:\/\/resysten.com\/hu\/wp-json\/wp\/v2\/pages"}],"about":[{"href":"https:\/\/resysten.com\/hu\/wp-json\/wp\/v2\/types\/page"}],"author":[{"embeddable":true,"href":"https:\/\/resysten.com\/hu\/wp-json\/wp\/v2\/users\/3"}],"replies":[{"embeddable":true,"href":"https:\/\/resysten.com\/hu\/wp-json\/wp\/v2\/comments?post=244740"}],"version-history":[{"count":10,"href":"https:\/\/resysten.com\/hu\/wp-json\/wp\/v2\/pages\/244740\/revisions"}],"predecessor-version":[{"id":248830,"href":"https:\/\/resysten.com\/hu\/wp-json\/wp\/v2\/pages\/244740\/revisions\/248830"}],"wp:attachment":[{"href":"https:\/\/resysten.com\/hu\/wp-json\/wp\/v2\/media?parent=244740"}],"curies":[{"name":"wp","href":"https:\/\/api.w.org\/{rel}","templated":true}]}}